{"id":7,"date":"2018-10-25T10:45:06","date_gmt":"2018-10-25T10:45:06","guid":{"rendered":"https:\/\/bibliotecadiocesanamallorca.wordpress.com\/?page_id=3"},"modified":"2024-12-20T01:03:10","modified_gmt":"2024-12-20T01:03:10","slug":"contacto","status":"publish","type":"page","link":"https:\/\/www.bibliotecadiocesanademallorca.com\/index.php\/contacto\/","title":{"rendered":"Contacte"},"content":{"rendered":"\r\n<p>&nbsp;<\/p>\r\n<p><strong>&gt; Director de la Biblioteca (Dr.\u00a0Mn.\u00a0Jaume Mercant Sim\u00f3):<\/strong><\/p>\r\n\r\n\r\n\r\n<p>directorbiblioteca@bisbatdemallorca.org<\/p>\r\n<p>&nbsp;<\/p>\r\n\r\n\r\n\r\n<p><strong>&gt; Per a peticions de pr\u00e9stec, d\u2019investigaci\u00f3 o de reprografia:<\/strong><\/p>\r\n\r\n\r\n\r\n<p>peticionsbiblioteca@bisbatdemallorca.org<\/p>\r\n<p>&nbsp;<\/p>\r\n\r\n\r\n\r\n<p><strong>&gt; Per a consultes generals:<\/strong><\/p>\r\n\r\n\r\n\r\n<p>bibliotecadiocesana@bisbatdemallorca.org<\/p>\r\n<p>&nbsp;<\/p>\r\n\r\n\r\n\r\n<p><strong>&gt; N\u00famero de tel\u00e8fon:<\/strong><\/p>\r\n\r\n\r\n\r\n<p>971 21 31 00 (centraleta del Bisbat: demanar per la Biblioteca)<\/p>\r\n<p>&nbsp;<\/p>\r\n\r\n\r\n\r\n<p><strong>&gt; Adre\u00e7a:<\/strong><\/p>\r\n\r\n\r\n\r\n<p>Biblioteca Diocesana de Mallorca<br \/>Bisbat de Mallorca<br \/>c\/ Seminari, 4<br \/>07001\u2015Palma de Mallorca <br \/>Illes Balears (Espa\u00f1a)<\/p>\r\n<p>&nbsp;<\/p>\r\n<p><img loading=\"lazy\" decoding=\"async\" class=\"size-full wp-image-297 aligncenter\" src=\"https:\/\/www.bibliotecadiocesanademallorca.com\/wp-content\/uploads\/2018\/10\/cropped-44731903_134289947553064_1457652410670383104_o-1.jpg\" alt=\"\" width=\"937\" height=\"547\" srcset=\"https:\/\/www.bibliotecadiocesanademallorca.com\/wp-content\/uploads\/2018\/10\/cropped-44731903_134289947553064_1457652410670383104_o-1.jpg 937w, https:\/\/www.bibliotecadiocesanademallorca.com\/wp-content\/uploads\/2018\/10\/cropped-44731903_134289947553064_1457652410670383104_o-1-300x175.jpg 300w, https:\/\/www.bibliotecadiocesanademallorca.com\/wp-content\/uploads\/2018\/10\/cropped-44731903_134289947553064_1457652410670383104_o-1-768x448.jpg 768w\" sizes=\"auto, (max-width: 937px) 100vw, 937px\" \/><\/p>\r\n","protected":false},"excerpt":{"rendered":"<p>&nbsp; &gt; Director de la Biblioteca (Dr.\u00a0Mn.\u00a0Jaume Mercant Sim\u00f3): directorbiblioteca@bisbatdemallorca.org &nbsp; &gt; Per a peticions de pr\u00e9stec, d\u2019investigaci\u00f3 o de reprografia: peticionsbiblioteca@bisbatdemallorca.org &nbsp; &gt; Per a consultes generals: bibliotecadiocesana@bisbatdemallorca.org &nbsp; &gt; N\u00famero de tel\u00e8fon: 971 21 31 00 (centraleta del Bisbat: demanar per la Biblioteca) &nbsp; &gt; Adre\u00e7a: Biblioteca Diocesana de MallorcaBisbat de Mallorcac\/ Seminari, [&hellip;]<\/p>\n","protected":false},"author":2,"featured_media":1702,"parent":0,"menu_order":2,"comment_status":"closed","ping_status":"closed","template":"","meta":{"footnotes":""},"class_list":["post-7","page","type-page","status-publish","has-post-thumbnail","hentry","post-preview"],"yoast_head":"<!-- This site is optimized with the Yoast SEO plugin v26.8 - https:\/\/yoast.com\/product\/yoast-seo-wordpress\/ -->\n<title>Contacte - Biblioteca Diocesana de Mallorca<\/title>\n<meta name=\"robots\" content=\"index, follow, max-snippet:-1, max-image-preview:large, max-video-preview:-1\" \/>\n<link rel=\"canonical\" href=\"https:\/\/www.bibliotecadiocesanademallorca.com\/index.php\/contacto\/\" \/>\n<meta property=\"og:locale\" content=\"ca_ES\" \/>\n<meta property=\"og:type\" content=\"article\" \/>\n<meta property=\"og:title\" content=\"Contacte - Biblioteca Diocesana de Mallorca\" \/>\n<meta property=\"og:description\" content=\"&nbsp; &gt; Director de la Biblioteca (Dr.\u00a0Mn.\u00a0Jaume Mercant Sim\u00f3): directorbiblioteca@bisbatdemallorca.org &nbsp; &gt; Per a peticions de pr\u00e9stec, d\u2019investigaci\u00f3 o de reprografia: peticionsbiblioteca@bisbatdemallorca.org &nbsp; &gt; Per a consultes generals: bibliotecadiocesana@bisbatdemallorca.org &nbsp; &gt; N\u00famero de tel\u00e8fon: 971 21 31 00 (centraleta del Bisbat: demanar per la Biblioteca) &nbsp; &gt; Adre\u00e7a: Biblioteca Diocesana de MallorcaBisbat de Mallorcac\/ Seminari, [&hellip;]\" \/>\n<meta property=\"og:url\" content=\"https:\/\/www.bibliotecadiocesanademallorca.com\/index.php\/contacto\/\" \/>\n<meta property=\"og:site_name\" content=\"Biblioteca Diocesana de Mallorca\" \/>\n<meta property=\"article:modified_time\" content=\"2024-12-20T01:03:10+00:00\" \/>\n<meta property=\"og:image\" content=\"https:\/\/www.bibliotecadiocesanademallorca.com\/wp-content\/uploads\/2024\/12\/Logo-Biblioteca.png\" \/>\n\t<meta property=\"og:image:width\" content=\"496\" \/>\n\t<meta property=\"og:image:height\" content=\"124\" \/>\n\t<meta property=\"og:image:type\" content=\"image\/png\" \/>\n<meta name=\"twitter:card\" content=\"summary_large_image\" \/>\n<meta name=\"twitter:label1\" content=\"Temps estimat de lectura\" \/>\n\t<meta name=\"twitter:data1\" content=\"1 minut\" \/>\n<script type=\"application\/ld+json\" class=\"yoast-schema-graph\">{\"@context\":\"https:\/\/schema.org\",\"@graph\":[{\"@type\":\"WebPage\",\"@id\":\"https:\/\/www.bibliotecadiocesanademallorca.com\/index.php\/contacto\/\",\"url\":\"https:\/\/www.bibliotecadiocesanademallorca.com\/index.php\/contacto\/\",\"name\":\"Contacte - Biblioteca Diocesana de Mallorca\",\"isPartOf\":{\"@id\":\"https:\/\/www.bibliotecadiocesanademallorca.com\/#website\"},\"primaryImageOfPage\":{\"@id\":\"https:\/\/www.bibliotecadiocesanademallorca.com\/index.php\/contacto\/#primaryimage\"},\"image\":{\"@id\":\"https:\/\/www.bibliotecadiocesanademallorca.com\/index.php\/contacto\/#primaryimage\"},\"thumbnailUrl\":\"https:\/\/www.bibliotecadiocesanademallorca.com\/wp-content\/uploads\/2024\/12\/Logo-Biblioteca.png\",\"datePublished\":\"2018-10-25T10:45:06+00:00\",\"dateModified\":\"2024-12-20T01:03:10+00:00\",\"breadcrumb\":{\"@id\":\"https:\/\/www.bibliotecadiocesanademallorca.com\/index.php\/contacto\/#breadcrumb\"},\"inLanguage\":\"ca\",\"potentialAction\":[{\"@type\":\"ReadAction\",\"target\":[\"https:\/\/www.bibliotecadiocesanademallorca.com\/index.php\/contacto\/\"]}]},{\"@type\":\"ImageObject\",\"inLanguage\":\"ca\",\"@id\":\"https:\/\/www.bibliotecadiocesanademallorca.com\/index.php\/contacto\/#primaryimage\",\"url\":\"https:\/\/www.bibliotecadiocesanademallorca.com\/wp-content\/uploads\/2024\/12\/Logo-Biblioteca.png\",\"contentUrl\":\"https:\/\/www.bibliotecadiocesanademallorca.com\/wp-content\/uploads\/2024\/12\/Logo-Biblioteca.png\",\"width\":496,\"height\":124},{\"@type\":\"BreadcrumbList\",\"@id\":\"https:\/\/www.bibliotecadiocesanademallorca.com\/index.php\/contacto\/#breadcrumb\",\"itemListElement\":[{\"@type\":\"ListItem\",\"position\":1,\"name\":\"Inici\",\"item\":\"https:\/\/www.bibliotecadiocesanademallorca.com\/\"},{\"@type\":\"ListItem\",\"position\":2,\"name\":\"Contacte\"}]},{\"@type\":\"WebSite\",\"@id\":\"https:\/\/www.bibliotecadiocesanademallorca.com\/#website\",\"url\":\"https:\/\/www.bibliotecadiocesanademallorca.com\/\",\"name\":\"Biblioteca Diocesana de Mallorca\",\"description\":\"Bisbat de Mallorca\",\"potentialAction\":[{\"@type\":\"SearchAction\",\"target\":{\"@type\":\"EntryPoint\",\"urlTemplate\":\"https:\/\/www.bibliotecadiocesanademallorca.com\/?s={search_term_string}\"},\"query-input\":{\"@type\":\"PropertyValueSpecification\",\"valueRequired\":true,\"valueName\":\"search_term_string\"}}],\"inLanguage\":\"ca\"}]}<\/script>\n<!-- \/ Yoast SEO plugin. -->","yoast_head_json":{"title":"Contacte - Biblioteca Diocesana de Mallorca","robots":{"index":"index","follow":"follow","max-snippet":"max-snippet:-1","max-image-preview":"max-image-preview:large","max-video-preview":"max-video-preview:-1"},"canonical":"https:\/\/www.bibliotecadiocesanademallorca.com\/index.php\/contacto\/","og_locale":"ca_ES","og_type":"article","og_title":"Contacte - Biblioteca Diocesana de Mallorca","og_description":"&nbsp; &gt; Director de la Biblioteca (Dr.\u00a0Mn.\u00a0Jaume Mercant Sim\u00f3): directorbiblioteca@bisbatdemallorca.org &nbsp; &gt; Per a peticions de pr\u00e9stec, d\u2019investigaci\u00f3 o de reprografia: peticionsbiblioteca@bisbatdemallorca.org &nbsp; &gt; Per a consultes generals: bibliotecadiocesana@bisbatdemallorca.org &nbsp; &gt; N\u00famero de tel\u00e8fon: 971 21 31 00 (centraleta del Bisbat: demanar per la Biblioteca) &nbsp; &gt; Adre\u00e7a: Biblioteca Diocesana de MallorcaBisbat de Mallorcac\/ Seminari, [&hellip;]","og_url":"https:\/\/www.bibliotecadiocesanademallorca.com\/index.php\/contacto\/","og_site_name":"Biblioteca Diocesana de Mallorca","article_modified_time":"2024-12-20T01:03:10+00:00","og_image":[{"width":496,"height":124,"url":"https:\/\/www.bibliotecadiocesanademallorca.com\/wp-content\/uploads\/2024\/12\/Logo-Biblioteca.png","type":"image\/png"}],"twitter_card":"summary_large_image","twitter_misc":{"Temps estimat de lectura":"1 minut"},"schema":{"@context":"https:\/\/schema.org","@graph":[{"@type":"WebPage","@id":"https:\/\/www.bibliotecadiocesanademallorca.com\/index.php\/contacto\/","url":"https:\/\/www.bibliotecadiocesanademallorca.com\/index.php\/contacto\/","name":"Contacte - Biblioteca Diocesana de Mallorca","isPartOf":{"@id":"https:\/\/www.bibliotecadiocesanademallorca.com\/#website"},"primaryImageOfPage":{"@id":"https:\/\/www.bibliotecadiocesanademallorca.com\/index.php\/contacto\/#primaryimage"},"image":{"@id":"https:\/\/www.bibliotecadiocesanademallorca.com\/index.php\/contacto\/#primaryimage"},"thumbnailUrl":"https:\/\/www.bibliotecadiocesanademallorca.com\/wp-content\/uploads\/2024\/12\/Logo-Biblioteca.png","datePublished":"2018-10-25T10:45:06+00:00","dateModified":"2024-12-20T01:03:10+00:00","breadcrumb":{"@id":"https:\/\/www.bibliotecadiocesanademallorca.com\/index.php\/contacto\/#breadcrumb"},"inLanguage":"ca","potentialAction":[{"@type":"ReadAction","target":["https:\/\/www.bibliotecadiocesanademallorca.com\/index.php\/contacto\/"]}]},{"@type":"ImageObject","inLanguage":"ca","@id":"https:\/\/www.bibliotecadiocesanademallorca.com\/index.php\/contacto\/#primaryimage","url":"https:\/\/www.bibliotecadiocesanademallorca.com\/wp-content\/uploads\/2024\/12\/Logo-Biblioteca.png","contentUrl":"https:\/\/www.bibliotecadiocesanademallorca.com\/wp-content\/uploads\/2024\/12\/Logo-Biblioteca.png","width":496,"height":124},{"@type":"BreadcrumbList","@id":"https:\/\/www.bibliotecadiocesanademallorca.com\/index.php\/contacto\/#breadcrumb","itemListElement":[{"@type":"ListItem","position":1,"name":"Inici","item":"https:\/\/www.bibliotecadiocesanademallorca.com\/"},{"@type":"ListItem","position":2,"name":"Contacte"}]},{"@type":"WebSite","@id":"https:\/\/www.bibliotecadiocesanademallorca.com\/#website","url":"https:\/\/www.bibliotecadiocesanademallorca.com\/","name":"Biblioteca Diocesana de Mallorca","description":"Bisbat de Mallorca","potentialAction":[{"@type":"SearchAction","target":{"@type":"EntryPoint","urlTemplate":"https:\/\/www.bibliotecadiocesanademallorca.com\/?s={search_term_string}"},"query-input":{"@type":"PropertyValueSpecification","valueRequired":true,"valueName":"search_term_string"}}],"inLanguage":"ca"}]}},"_links":{"self":[{"href":"https:\/\/www.bibliotecadiocesanademallorca.com\/index.php\/wp-json\/wp\/v2\/pages\/7","targetHints":{"allow":["GET"]}}],"collection":[{"href":"https:\/\/www.bibliotecadiocesanademallorca.com\/index.php\/wp-json\/wp\/v2\/pages"}],"about":[{"href":"https:\/\/www.bibliotecadiocesanademallorca.com\/index.php\/wp-json\/wp\/v2\/types\/page"}],"author":[{"embeddable":true,"href":"https:\/\/www.bibliotecadiocesanademallorca.com\/index.php\/wp-json\/wp\/v2\/users\/2"}],"replies":[{"embeddable":true,"href":"https:\/\/www.bibliotecadiocesanademallorca.com\/index.php\/wp-json\/wp\/v2\/comments?post=7"}],"version-history":[{"count":52,"href":"https:\/\/www.bibliotecadiocesanademallorca.com\/index.php\/wp-json\/wp\/v2\/pages\/7\/revisions"}],"predecessor-version":[{"id":1785,"href":"https:\/\/www.bibliotecadiocesanademallorca.com\/index.php\/wp-json\/wp\/v2\/pages\/7\/revisions\/1785"}],"wp:featuredmedia":[{"embeddable":true,"href":"https:\/\/www.bibliotecadiocesanademallorca.com\/index.php\/wp-json\/wp\/v2\/media\/1702"}],"wp:attachment":[{"href":"https:\/\/www.bibliotecadiocesanademallorca.com\/index.php\/wp-json\/wp\/v2\/media?parent=7"}],"curies":[{"name":"wp","href":"https:\/\/api.w.org\/{rel}","templated":true}]}}