{"id":978,"date":"2022-05-15T19:56:39","date_gmt":"2022-05-15T19:56:39","guid":{"rendered":"https:\/\/www.bibliotecadiocesanademallorca.com\/?page_id=978"},"modified":"2024-12-20T00:37:32","modified_gmt":"2024-12-20T00:37:32","slug":"servei-de-reprografia","status":"publish","type":"page","link":"https:\/\/www.bibliotecadiocesanademallorca.com\/index.php\/servei-de-reprografia\/","title":{"rendered":"Servei de reprografia"},"content":{"rendered":"<h2><span style=\"color: #ff0000;\"><strong><em>Tarifes:<\/em><\/strong><\/span><\/h2>\n<h4>1. Documents posteriors a 1920:<\/h4>\n<ul>\n<li>Bloc de fins a 15 c\u00f2pies impreses en b\/n&#8230;&#8230;. 5\u20ac<\/li>\n<li>A partir de la 16a en b\/n&#8230;&#8230;&#8230;&#8230;&#8230;&#8230;&#8230;&#8230;&#8230;&#8230;&#8230;.. 0,10\u20ac\/c\u00f2pia<\/li>\n<li>Bloc de fins a 15 c\u00f2pies impreses en color&#8230;. 10\u20ac<\/li>\n<li>A partir de la 16a en color&#8230;&#8230;&#8230;&#8230;&#8230;&#8230;&#8230;&#8230;&#8230;&#8230;.. 0,20\u20ac\/c\u00f2pia<\/li>\n<li>Reproducci\u00f3 digital: el mateix cost que les fotoc\u00f2pies en b\/n<\/li>\n<\/ul>\n<h4><strong>2. Documents anteriors a 1920:<\/strong><\/h4>\n<ul>\n<li>Bloc de fins a 15 c\u00f2pies impreses en b\/n&#8230;&#8230; 10\u20ac<\/li>\n<li>A partir de la 16a en b\/n&#8230;&#8230;&#8230;&#8230;&#8230;&#8230;&#8230;&#8230;&#8230;&#8230;&#8230;. 0,20\u20ac\/c\u00f2pia<\/li>\n<li>Bloc de fins a 15 c\u00f2pies impreses en color&#8230; 15\u20ac<\/li>\n<li>A partir de la 16a en color&#8230;&#8230;&#8230;&#8230;&#8230;&#8230;&#8230;&#8230;&#8230;&#8230;. 0,30\u20ac\/c\u00f2pia<\/li>\n<li>Reproducci\u00f3 digital: el mateix cost que les fotoc\u00f2pies en b\/n<\/li>\n<\/ul>\n<h2><span style=\"color: #ff0000;\"><strong><em>Normativa:<\/em><\/strong><\/span><\/h2>\n<ol>\n<li style=\"text-align: justify;\">Aquest servei est\u00e0 adre\u00e7at a tots els usuaris de la Biblioteca Diocesana de Mallorca.<\/li>\n<li style=\"text-align: justify;\"><strong>Totes les reproduccions s\u2019han de fer per enc\u00e0rrec; no es possible, doncs, l\u2019autoservei<\/strong>.<\/li>\n<li style=\"text-align: justify;\">Totes les reproduccions estan subjectes a les tarifes vigents en el moment de la sol\u00b7licitud de l\u2019enc\u00e0rrec.<\/li>\n<li style=\"text-align: justify;\">Es pot sol\u00b7licitar tant la reproducci\u00f3 digital com la fotoc\u00f2pia, i aquesta tant en color com en blanc i negre.<\/li>\n<li style=\"text-align: justify;\">Es pot sol\u00b7licitar qualsevol tipus de document que tenim a disposici\u00f3 dels usuaris (cap\u00edtols de llibre o articles de revistes), sempre i quan les seves caracter\u00edstiques f\u00edsiques i condicions de conservaci\u00f3 ho permetin. En aquest sentit, seran objecte d\u2019especial valoraci\u00f3 tots els documents anteriors a l\u2019any 1920.<\/li>\n<li style=\"text-align: justify;\">Els usuaris, a l\u2019hora d\u2019adquirir el material reprodu\u00eft, estan subjectes a la Llei de Propietat Intel\u00b7lectual de l\u2019Estat espanyol.<\/li>\n<li style=\"text-align: justify;\">Les peticions de reprografia s\u2019han de realitzar a trav\u00e9s de la seg\u00fcent adre\u00e7a electr\u00f2nica:<\/li>\n<\/ol>\n<p style=\"text-align: center;\"><span style=\"color: #0000ff;\"><strong>peticionsbiblioteca@bisbatdemallorca.org<\/strong><\/span><\/p>\n<ol start=\"8\">\n<li style=\"text-align: justify;\">Des de l\u2019administraci\u00f3 de la Biblioteca Diocesana l\u2019usuari rebr\u00e0 un pressupost del material sol\u00b7licitat abans de ser reprografiat.<\/li>\n<li style=\"text-align: justify;\">L\u2019usuari acceptar\u00e0 el pressupost fent una transfer\u00e8ncia al compte del Bisbat de Mallorca. <strong>A la transfer\u00e8ncia \u00e9s molt important posar com a concepte \u201cBiblioteca Diocesana\u201d<\/strong>. Una vegada realitzada la transfer\u00e8ncia, l\u2019usuari enviar\u00e0 per e-mail el justificant de pagament a la Biblioteca.<\/li>\n<li style=\"text-align: justify;\">Els IBAN dels comptes del Bisbat de Mallorca (NIF R0700002I), als quals es pot realitzar la transfer\u00e8ncia, s\u00f3n els seg\u00fcents:<\/li>\n<\/ol>\n<p style=\"text-align: center;\"><strong>CaixaBank: ES9021000011850201646572<\/strong><\/p>\n<p style=\"text-align: center;\"><strong>Banca March: ES6600610361330002050117<\/strong><\/p>\n<p style=\"text-align: center;\"><strong>Banco Santander: ES7100490383352310291546<\/strong><\/p>\n<p>&nbsp;<\/p>\n<p style=\"text-align: right;\">Palma de Mallorca, 16 de maig de 2022<\/p>\n<p style=\"text-align: right;\"><em>Dr. Mn. Jaume Mercant Sim\u00f3, director<\/em><\/p>\n<div id=\"attachment_1475\" style=\"width: 1930px\" class=\"wp-caption aligncenter\"><img loading=\"lazy\" decoding=\"async\" aria-describedby=\"caption-attachment-1475\" class=\"size-full wp-image-1475\" src=\"https:\/\/www.bibliotecadiocesanademallorca.com\/wp-content\/uploads\/2024\/08\/Detall-Certamen-1930-2-scaled-e1725551664164.jpg\" alt=\"\" width=\"1920\" height=\"2560\" srcset=\"https:\/\/www.bibliotecadiocesanademallorca.com\/wp-content\/uploads\/2024\/08\/Detall-Certamen-1930-2-scaled-e1725551664164.jpg 1920w, https:\/\/www.bibliotecadiocesanademallorca.com\/wp-content\/uploads\/2024\/08\/Detall-Certamen-1930-2-scaled-e1725551664164-225x300.jpg 225w, https:\/\/www.bibliotecadiocesanademallorca.com\/wp-content\/uploads\/2024\/08\/Detall-Certamen-1930-2-scaled-e1725551664164-768x1024.jpg 768w, https:\/\/www.bibliotecadiocesanademallorca.com\/wp-content\/uploads\/2024\/08\/Detall-Certamen-1930-2-scaled-e1725551664164-1152x1536.jpg 1152w, https:\/\/www.bibliotecadiocesanademallorca.com\/wp-content\/uploads\/2024\/08\/Detall-Certamen-1930-2-scaled-e1725551664164-1536x2048.jpg 1536w, https:\/\/www.bibliotecadiocesanademallorca.com\/wp-content\/uploads\/2024\/08\/Detall-Certamen-1930-2-scaled-e1725551664164-676x901.jpg 676w\" sizes=\"auto, (max-width: 1920px) 100vw, 1920px\" \/><p id=\"caption-attachment-1475\" class=\"wp-caption-text\">Detall d&#8217;un certamen de 1930<\/p><\/div>\n","protected":false},"excerpt":{"rendered":"<p>Tarifes: 1. Documents posteriors a 1920: Bloc de fins a 15 c\u00f2pies impreses en b\/n&#8230;&#8230;. 5\u20ac A partir de la 16a en b\/n&#8230;&#8230;&#8230;&#8230;&#8230;&#8230;&#8230;&#8230;&#8230;&#8230;&#8230;.. 0,10\u20ac\/c\u00f2pia Bloc de fins a 15 c\u00f2pies impreses en color&#8230;. 10\u20ac A partir de la 16a en color&#8230;&#8230;&#8230;&#8230;&#8230;&#8230;&#8230;&#8230;&#8230;&#8230;.. 0,20\u20ac\/c\u00f2pia Reproducci\u00f3 digital: el mateix cost que les fotoc\u00f2pies en b\/n 2. Documents anteriors [&hellip;]<\/p>\n","protected":false},"author":1,"featured_media":1779,"parent":0,"menu_order":0,"comment_status":"closed","ping_status":"closed","template":"","meta":{"footnotes":""},"class_list":["post-978","page","type-page","status-publish","has-post-thumbnail","hentry","post-preview"],"yoast_head":"<!-- This site is optimized with the Yoast SEO plugin v26.8 - https:\/\/yoast.com\/product\/yoast-seo-wordpress\/ -->\n<title>Servei de reprografia - Biblioteca Diocesana de Mallorca<\/title>\n<meta name=\"robots\" content=\"index, follow, max-snippet:-1, max-image-preview:large, max-video-preview:-1\" \/>\n<link rel=\"canonical\" href=\"https:\/\/www.bibliotecadiocesanademallorca.com\/index.php\/servei-de-reprografia\/\" \/>\n<meta property=\"og:locale\" content=\"ca_ES\" \/>\n<meta property=\"og:type\" content=\"article\" \/>\n<meta property=\"og:title\" content=\"Servei de reprografia - Biblioteca Diocesana de Mallorca\" \/>\n<meta property=\"og:description\" content=\"Tarifes: 1. Documents posteriors a 1920: Bloc de fins a 15 c\u00f2pies impreses en b\/n&#8230;&#8230;. 5\u20ac A partir de la 16a en b\/n&#8230;&#8230;&#8230;&#8230;&#8230;&#8230;&#8230;&#8230;&#8230;&#8230;&#8230;.. 0,10\u20ac\/c\u00f2pia Bloc de fins a 15 c\u00f2pies impreses en color&#8230;. 10\u20ac A partir de la 16a en color&#8230;&#8230;&#8230;&#8230;&#8230;&#8230;&#8230;&#8230;&#8230;&#8230;.. 0,20\u20ac\/c\u00f2pia Reproducci\u00f3 digital: el mateix cost que les fotoc\u00f2pies en b\/n 2. Documents anteriors [&hellip;]\" \/>\n<meta property=\"og:url\" content=\"https:\/\/www.bibliotecadiocesanademallorca.com\/index.php\/servei-de-reprografia\/\" \/>\n<meta property=\"og:site_name\" content=\"Biblioteca Diocesana de Mallorca\" \/>\n<meta property=\"article:modified_time\" content=\"2024-12-20T00:37:32+00:00\" \/>\n<meta property=\"og:image\" content=\"https:\/\/www.bibliotecadiocesanademallorca.com\/wp-content\/uploads\/2024\/12\/Summa-theologica-e1734655042834.png\" \/>\n\t<meta property=\"og:image:width\" content=\"768\" \/>\n\t<meta property=\"og:image:height\" content=\"419\" \/>\n\t<meta property=\"og:image:type\" content=\"image\/png\" \/>\n<meta name=\"twitter:card\" content=\"summary_large_image\" \/>\n<meta name=\"twitter:label1\" content=\"Temps estimat de lectura\" \/>\n\t<meta name=\"twitter:data1\" content=\"3 minuts\" \/>\n<script type=\"application\/ld+json\" class=\"yoast-schema-graph\">{\"@context\":\"https:\/\/schema.org\",\"@graph\":[{\"@type\":\"WebPage\",\"@id\":\"https:\/\/www.bibliotecadiocesanademallorca.com\/index.php\/servei-de-reprografia\/\",\"url\":\"https:\/\/www.bibliotecadiocesanademallorca.com\/index.php\/servei-de-reprografia\/\",\"name\":\"Servei de reprografia - Biblioteca Diocesana de Mallorca\",\"isPartOf\":{\"@id\":\"https:\/\/www.bibliotecadiocesanademallorca.com\/#website\"},\"primaryImageOfPage\":{\"@id\":\"https:\/\/www.bibliotecadiocesanademallorca.com\/index.php\/servei-de-reprografia\/#primaryimage\"},\"image\":{\"@id\":\"https:\/\/www.bibliotecadiocesanademallorca.com\/index.php\/servei-de-reprografia\/#primaryimage\"},\"thumbnailUrl\":\"https:\/\/www.bibliotecadiocesanademallorca.com\/wp-content\/uploads\/2024\/12\/Summa-theologica-e1734655042834.png\",\"datePublished\":\"2022-05-15T19:56:39+00:00\",\"dateModified\":\"2024-12-20T00:37:32+00:00\",\"breadcrumb\":{\"@id\":\"https:\/\/www.bibliotecadiocesanademallorca.com\/index.php\/servei-de-reprografia\/#breadcrumb\"},\"inLanguage\":\"ca\",\"potentialAction\":[{\"@type\":\"ReadAction\",\"target\":[\"https:\/\/www.bibliotecadiocesanademallorca.com\/index.php\/servei-de-reprografia\/\"]}]},{\"@type\":\"ImageObject\",\"inLanguage\":\"ca\",\"@id\":\"https:\/\/www.bibliotecadiocesanademallorca.com\/index.php\/servei-de-reprografia\/#primaryimage\",\"url\":\"https:\/\/www.bibliotecadiocesanademallorca.com\/wp-content\/uploads\/2024\/12\/Summa-theologica-e1734655042834.png\",\"contentUrl\":\"https:\/\/www.bibliotecadiocesanademallorca.com\/wp-content\/uploads\/2024\/12\/Summa-theologica-e1734655042834.png\",\"width\":768,\"height\":419},{\"@type\":\"BreadcrumbList\",\"@id\":\"https:\/\/www.bibliotecadiocesanademallorca.com\/index.php\/servei-de-reprografia\/#breadcrumb\",\"itemListElement\":[{\"@type\":\"ListItem\",\"position\":1,\"name\":\"Inici\",\"item\":\"https:\/\/www.bibliotecadiocesanademallorca.com\/\"},{\"@type\":\"ListItem\",\"position\":2,\"name\":\"Servei de reprografia\"}]},{\"@type\":\"WebSite\",\"@id\":\"https:\/\/www.bibliotecadiocesanademallorca.com\/#website\",\"url\":\"https:\/\/www.bibliotecadiocesanademallorca.com\/\",\"name\":\"Biblioteca Diocesana de Mallorca\",\"description\":\"Bisbat de Mallorca\",\"potentialAction\":[{\"@type\":\"SearchAction\",\"target\":{\"@type\":\"EntryPoint\",\"urlTemplate\":\"https:\/\/www.bibliotecadiocesanademallorca.com\/?s={search_term_string}\"},\"query-input\":{\"@type\":\"PropertyValueSpecification\",\"valueRequired\":true,\"valueName\":\"search_term_string\"}}],\"inLanguage\":\"ca\"}]}<\/script>\n<!-- \/ Yoast SEO plugin. -->","yoast_head_json":{"title":"Servei de reprografia - Biblioteca Diocesana de Mallorca","robots":{"index":"index","follow":"follow","max-snippet":"max-snippet:-1","max-image-preview":"max-image-preview:large","max-video-preview":"max-video-preview:-1"},"canonical":"https:\/\/www.bibliotecadiocesanademallorca.com\/index.php\/servei-de-reprografia\/","og_locale":"ca_ES","og_type":"article","og_title":"Servei de reprografia - Biblioteca Diocesana de Mallorca","og_description":"Tarifes: 1. Documents posteriors a 1920: Bloc de fins a 15 c\u00f2pies impreses en b\/n&#8230;&#8230;. 5\u20ac A partir de la 16a en b\/n&#8230;&#8230;&#8230;&#8230;&#8230;&#8230;&#8230;&#8230;&#8230;&#8230;&#8230;.. 0,10\u20ac\/c\u00f2pia Bloc de fins a 15 c\u00f2pies impreses en color&#8230;. 10\u20ac A partir de la 16a en color&#8230;&#8230;&#8230;&#8230;&#8230;&#8230;&#8230;&#8230;&#8230;&#8230;.. 0,20\u20ac\/c\u00f2pia Reproducci\u00f3 digital: el mateix cost que les fotoc\u00f2pies en b\/n 2. Documents anteriors [&hellip;]","og_url":"https:\/\/www.bibliotecadiocesanademallorca.com\/index.php\/servei-de-reprografia\/","og_site_name":"Biblioteca Diocesana de Mallorca","article_modified_time":"2024-12-20T00:37:32+00:00","og_image":[{"width":768,"height":419,"url":"https:\/\/www.bibliotecadiocesanademallorca.com\/wp-content\/uploads\/2024\/12\/Summa-theologica-e1734655042834.png","type":"image\/png"}],"twitter_card":"summary_large_image","twitter_misc":{"Temps estimat de lectura":"3 minuts"},"schema":{"@context":"https:\/\/schema.org","@graph":[{"@type":"WebPage","@id":"https:\/\/www.bibliotecadiocesanademallorca.com\/index.php\/servei-de-reprografia\/","url":"https:\/\/www.bibliotecadiocesanademallorca.com\/index.php\/servei-de-reprografia\/","name":"Servei de reprografia - Biblioteca Diocesana de Mallorca","isPartOf":{"@id":"https:\/\/www.bibliotecadiocesanademallorca.com\/#website"},"primaryImageOfPage":{"@id":"https:\/\/www.bibliotecadiocesanademallorca.com\/index.php\/servei-de-reprografia\/#primaryimage"},"image":{"@id":"https:\/\/www.bibliotecadiocesanademallorca.com\/index.php\/servei-de-reprografia\/#primaryimage"},"thumbnailUrl":"https:\/\/www.bibliotecadiocesanademallorca.com\/wp-content\/uploads\/2024\/12\/Summa-theologica-e1734655042834.png","datePublished":"2022-05-15T19:56:39+00:00","dateModified":"2024-12-20T00:37:32+00:00","breadcrumb":{"@id":"https:\/\/www.bibliotecadiocesanademallorca.com\/index.php\/servei-de-reprografia\/#breadcrumb"},"inLanguage":"ca","potentialAction":[{"@type":"ReadAction","target":["https:\/\/www.bibliotecadiocesanademallorca.com\/index.php\/servei-de-reprografia\/"]}]},{"@type":"ImageObject","inLanguage":"ca","@id":"https:\/\/www.bibliotecadiocesanademallorca.com\/index.php\/servei-de-reprografia\/#primaryimage","url":"https:\/\/www.bibliotecadiocesanademallorca.com\/wp-content\/uploads\/2024\/12\/Summa-theologica-e1734655042834.png","contentUrl":"https:\/\/www.bibliotecadiocesanademallorca.com\/wp-content\/uploads\/2024\/12\/Summa-theologica-e1734655042834.png","width":768,"height":419},{"@type":"BreadcrumbList","@id":"https:\/\/www.bibliotecadiocesanademallorca.com\/index.php\/servei-de-reprografia\/#breadcrumb","itemListElement":[{"@type":"ListItem","position":1,"name":"Inici","item":"https:\/\/www.bibliotecadiocesanademallorca.com\/"},{"@type":"ListItem","position":2,"name":"Servei de reprografia"}]},{"@type":"WebSite","@id":"https:\/\/www.bibliotecadiocesanademallorca.com\/#website","url":"https:\/\/www.bibliotecadiocesanademallorca.com\/","name":"Biblioteca Diocesana de Mallorca","description":"Bisbat de Mallorca","potentialAction":[{"@type":"SearchAction","target":{"@type":"EntryPoint","urlTemplate":"https:\/\/www.bibliotecadiocesanademallorca.com\/?s={search_term_string}"},"query-input":{"@type":"PropertyValueSpecification","valueRequired":true,"valueName":"search_term_string"}}],"inLanguage":"ca"}]}},"_links":{"self":[{"href":"https:\/\/www.bibliotecadiocesanademallorca.com\/index.php\/wp-json\/wp\/v2\/pages\/978","targetHints":{"allow":["GET"]}}],"collection":[{"href":"https:\/\/www.bibliotecadiocesanademallorca.com\/index.php\/wp-json\/wp\/v2\/pages"}],"about":[{"href":"https:\/\/www.bibliotecadiocesanademallorca.com\/index.php\/wp-json\/wp\/v2\/types\/page"}],"author":[{"embeddable":true,"href":"https:\/\/www.bibliotecadiocesanademallorca.com\/index.php\/wp-json\/wp\/v2\/users\/1"}],"replies":[{"embeddable":true,"href":"https:\/\/www.bibliotecadiocesanademallorca.com\/index.php\/wp-json\/wp\/v2\/comments?post=978"}],"version-history":[{"count":57,"href":"https:\/\/www.bibliotecadiocesanademallorca.com\/index.php\/wp-json\/wp\/v2\/pages\/978\/revisions"}],"predecessor-version":[{"id":1749,"href":"https:\/\/www.bibliotecadiocesanademallorca.com\/index.php\/wp-json\/wp\/v2\/pages\/978\/revisions\/1749"}],"wp:featuredmedia":[{"embeddable":true,"href":"https:\/\/www.bibliotecadiocesanademallorca.com\/index.php\/wp-json\/wp\/v2\/media\/1779"}],"wp:attachment":[{"href":"https:\/\/www.bibliotecadiocesanademallorca.com\/index.php\/wp-json\/wp\/v2\/media?parent=978"}],"curies":[{"name":"wp","href":"https:\/\/api.w.org\/{rel}","templated":true}]}}